{"id":4,"date":"2023-05-02T17:03:13","date_gmt":"2023-05-02T17:03:13","guid":{"rendered":"https:\/\/www.huberty.pl\/?page_id=4"},"modified":"2026-01-27T07:46:43","modified_gmt":"2026-01-27T07:46:43","slug":"strona-glowna","status":"publish","type":"page","link":"https:\/\/www.huberty.pl\/","title":{"rendered":"STRONA G\u0141\u00d3WNA"},"content":{"rendered":"\t\t<div data-elementor-type=\"wp-page\" data-elementor-id=\"4\" class=\"elementor elementor-4\">\n\t\t\t\t\t\t<section class=\"elementor-section elementor-top-section elementor-element elementor-element-8058144 elementor-section-boxed elementor-section-height-default elementor-section-height-default\" data-id=\"8058144\" data-element_type=\"section\">\n\t\t\t\t\t\t<div class=\"elementor-container elementor-column-gap-default\">\n\t\t\t\t\t<div class=\"elementor-column elementor-col-100 elementor-top-column elementor-element elementor-element-1768d20\" data-id=\"1768d20\" data-element_type=\"column\">\n\t\t\t<div class=\"elementor-widget-wrap elementor-element-populated\">\n\t\t\t\t\t\t<div class=\"elementor-element elementor-element-746a3ef elementor-widget elementor-widget-text-editor\" data-id=\"746a3ef\" data-element_type=\"widget\" data-widget_type=\"text-editor.default\">\n\t\t\t\t<div class=\"elementor-widget-container\">\n\t\t\t\t\t\t\t\t\t<p>Cze\u015b\u0107!<\/p><p>To bardzo mi\u0142o, \u017ce zapytali\u015bcie o to &#8222;z jakiego prezentu Ja\u015bka by\u0142aby zadowolona&#8221; \ud83d\ude00<\/p><p>Poniewa\u017c nawet na tak mi\u0142e pytanie chcemy odpowiedzie\u0107 daj\u0105c mo\u017cliwo\u015b\u0107 wyboru spo\u015br\u00f3d wachlarza mo\u017cliwo\u015bci, to wrzucamy poni\u017cej list\u0119 rzeczy, kt\u00f3re z pewno\u015bci\u0105 b\u0119d\u0105 trafione \ud83d\ude09<\/p><p>W imieniu Ja\u015bminy i naszym: serdecznie dzi\u0119kujemy!<\/p><p>Huberty<\/p>\t\t\t\t\t\t\t\t<\/div>\n\t\t\t\t<\/div>\n\t\t\t\t<div class=\"elementor-element elementor-element-e21d611 elementor-widget elementor-widget-html\" data-id=\"e21d611\" data-element_type=\"widget\" data-widget_type=\"html.default\">\n\t\t\t\t<div class=\"elementor-widget-container\">\n\t\t\t\t\t<iframe src=\"https:\/\/docs.google.com\/forms\/d\/e\/1FAIpQLSdqvr8AGuX0AJflnSYGhPs100uUqlVwHdGHg2zvJGoQHs1ONw\/viewform?embedded=true\" width=\"640\" height=\"550\" frameborder=\"0\" marginheight=\"0\" marginwidth=\"0\">\u0141aduj\u0119\u2026<\/iframe>\t\t\t\t<\/div>\n\t\t\t\t<\/div>\n\t\t\t\t\t<\/div>\n\t\t<\/div>\n\t\t\t\t\t<\/div>\n\t\t<\/section>\n\t\t\t\t<section class=\"elementor-section elementor-top-section elementor-element elementor-element-08dc660 elementor-section-boxed elementor-section-height-default elementor-section-height-default\" data-id=\"08dc660\" data-element_type=\"section\">\n\t\t\t\t\t\t<div class=\"elementor-container elementor-column-gap-default\">\n\t\t\t\t\t<div class=\"elementor-column elementor-col-100 elementor-top-column elementor-element elementor-element-5c1c625\" data-id=\"5c1c625\" data-element_type=\"column\">\n\t\t\t<div class=\"elementor-widget-wrap elementor-element-populated\">\n\t\t\t\t\t\t<div class=\"elementor-element elementor-element-5903885 elementor-hidden-tablet elementor-hidden-mobile elementor-widget elementor-widget-html\" data-id=\"5903885\" data-element_type=\"widget\" data-widget_type=\"html.default\">\n\t\t\t\t<div class=\"elementor-widget-container\">\n\t\t\t\t\t<iframe src=\"https:\/\/docs.google.com\/spreadsheets\/d\/e\/2PACX-1vREcSwOFnYpD6lDV-bGHzPT0HdRMbFXvXjJ3t-96TK9X_dyVn8B94vaBVoyczW7gJp_WRWwxh_izDLI\/pubhtml?gid=2145588485&amp;single=true&amp;widget=true&amp;headers=false\"style=\"height:950px\" ><\/iframe>\t\t\t\t<\/div>\n\t\t\t\t<\/div>\n\t\t\t\t<div class=\"elementor-element elementor-element-9679783 elementor-hidden-desktop elementor-hidden-tablet elementor-widget elementor-widget-html\" data-id=\"9679783\" data-element_type=\"widget\" data-widget_type=\"html.default\">\n\t\t\t\t<div class=\"elementor-widget-container\">\n\t\t\t\t\t<iframe src=\"https:\/\/docs.google.com\/spreadsheets\/d\/e\/2PACX-1vREcSwOFnYpD6lDV-bGHzPT0HdRMbFXvXjJ3t-96TK9X_dyVn8B94vaBVoyczW7gJp_WRWwxh_izDLI\/pubhtml?gid=1594096702&amp;single=true&amp;widget=true&amp;headers=false\"style=\"height:750px\" ><\/iframe>\t\t\t\t<\/div>\n\t\t\t\t<\/div>\n\t\t\t\t\t<\/div>\n\t\t<\/div>\n\t\t\t\t\t<\/div>\n\t\t<\/section>\n\t\t\t\t<\/div>\n\t\t","protected":false},"excerpt":{"rendered":"<p>Cze\u015b\u0107! To bardzo mi\u0142o, \u017ce zapytali\u015bcie o to &#8222;z jakiego prezentu Ja\u015bka by\u0142aby zadowolona&#8221; \ud83d\ude00 Poniewa\u017c nawet na tak mi\u0142e pytanie chcemy odpowiedzie\u0107 daj\u0105c mo\u017cliwo\u015b\u0107 wyboru spo\u015br\u00f3d wachlarza mo\u017cliwo\u015bci, to wrzucamy poni\u017cej list\u0119 rzeczy, kt\u00f3re z pewno\u015bci\u0105 b\u0119d\u0105 trafione \ud83d\ude09 W imieniu Ja\u015bminy i naszym: serdecznie dzi\u0119kujemy! Huberty \u0141aduj\u0119\u2026<\/p>\n","protected":false},"author":1,"featured_media":0,"parent":0,"menu_order":0,"comment_status":"closed","ping_status":"closed","template":"","meta":{"footnotes":""},"class_list":["post-4","page","type-page","status-publish","hentry"],"_links":{"self":[{"href":"https:\/\/www.huberty.pl\/index.php?rest_route=\/wp\/v2\/pages\/4","targetHints":{"allow":["GET"]}}],"collection":[{"href":"https:\/\/www.huberty.pl\/index.php?rest_route=\/wp\/v2\/pages"}],"about":[{"href":"https:\/\/www.huberty.pl\/index.php?rest_route=\/wp\/v2\/types\/page"}],"author":[{"embeddable":true,"href":"https:\/\/www.huberty.pl\/index.php?rest_route=\/wp\/v2\/users\/1"}],"replies":[{"embeddable":true,"href":"https:\/\/www.huberty.pl\/index.php?rest_route=%2Fwp%2Fv2%2Fcomments&post=4"}],"version-history":[{"count":28,"href":"https:\/\/www.huberty.pl\/index.php?rest_route=\/wp\/v2\/pages\/4\/revisions"}],"predecessor-version":[{"id":121,"href":"https:\/\/www.huberty.pl\/index.php?rest_route=\/wp\/v2\/pages\/4\/revisions\/121"}],"wp:attachment":[{"href":"https:\/\/www.huberty.pl\/index.php?rest_route=%2Fwp%2Fv2%2Fmedia&parent=4"}],"curies":[{"name":"wp","href":"https:\/\/api.w.org\/{rel}","templated":true}]}}